{"id":1638,"date":"2023-12-21T21:15:26","date_gmt":"2023-12-21T19:15:26","guid":{"rendered":"https:\/\/otavansanomat.fi\/?page_id=1638"},"modified":"2023-12-21T21:23:59","modified_gmt":"2023-12-21T19:23:59","slug":"saavutettavuusseloste","status":"publish","type":"page","link":"https:\/\/otavansanomat.fi\/index.php\/saavutettavuusseloste\/","title":{"rendered":"Saavutettavuusseloste"},"content":{"rendered":"<article>\n<section class=\"statement__section\">T\u00e4m\u00e4 saavutettavuusseloste koskee palvelua otavansanomat.fi ja on laadittu \/ p\u00e4ivitetty 21.12.2023. Palvelua koskee laki digitaalisten palvelujen tarjoamisesta, jossa edellytet\u00e4\u00e4n, ett\u00e4 julkisten verkkopalvelujen on oltava saavutettavia.Olemme arvioineet palvelun saavutettavuuden itse<\/section>\n<section class=\"statement__section\">\n<h3>Digipalvelun saavutettavuuden tila<\/h3>\n<p>T\u00e4ytt\u00e4\u00e4 saavutettavuusvaatimukset osittain.<\/p>\n<\/section>\n<h3>Ei-saavutettava sis\u00e4lt\u00f6<\/h3>\n<section class=\"statement__section\">\n<h4>2. Kohtuuton rasite<\/h4>\n<p>Sivustolla on PDF-tiedostoja, joissa on saavutettavuuspuutteita.<\/p>\n<p>Tiedostoissa voi olla visuaalisia elementtej\u00e4, joista puuttuvat tekstivastineet. (WCAG 1.1.1)<\/p>\n<p>Tiedostoissa voi olla ruudunlukijak\u00e4ytt\u00f6\u00e4 haittaavia muotoilupuutteita kuten tyhji\u00e4 rivinvaihtoja ja otsikkotasoin merkkaamattomia otsikoita. (WCAG 1.3.1)<\/p>\n<p>Tiedostojen metatiedoissa voi olla puutteita kuten puuttuvia otsikoita (title) tai virheellisi\u00e4 kielim\u00e4\u00e4rityksi\u00e4 ja tekij\u00e4tietoja. (WCAG 4.1.2, 3.1.2)<\/p>\n<p>Joistain tiedostoista rakenteen tunnisteet puuttuvat kokonaan. (WCAG 1.3.1)<\/p>\n<\/section>\n<section class=\"statement__section\">\n<h3>Huomasitko saavutettavuuspuutteen digipalvelussamme? Kerro se meille ja teemme parhaamme puutteen korjaamiseksi<\/h3>\n<h3>S\u00e4hk\u00f6postilla<\/h3>\n<p>jari.sarja@otavia.fi<\/p>\n<\/section>\n<section class=\"statement__section\">\n<h3>Valvontaviranomainen<\/h3>\n<p>Jos huomaat sivustolla saavutettavuusongelmia, anna ensin palautetta meille eli sivuston yll\u00e4pit\u00e4j\u00e4lle. Vastauksessa voi menn\u00e4 14 p\u00e4iv\u00e4\u00e4. Jos et ole tyytyv\u00e4inen saamaasi vastaukseen tai et saa vastausta lainkaan kahden viikon aikana, <a href=\"https:\/\/www.saavutettavuusvaatimukset.fi\/oikeutesi\/\" target=\"_blank\" rel=\"noopener\">voit tehd\u00e4 ilmoituksen Etel\u00e4-Suomen aluehallintovirastoon <span class=\"screen-reader-text\">Avautuu uuteen ikkunaan<\/span><\/a>. Etel\u00e4-Suomen aluehallintoviraston sivulla kerrotaan tarkasti, miten ilmoituksen voi tehd\u00e4 ja miten asia k\u00e4sitell\u00e4\u00e4n.<\/p>\n<h3>Valvontaviranomaisen yhteystiedot<\/h3>\n<p>Etel\u00e4-Suomen aluehallintovirasto<br \/>\nSaavutettavuuden valvonnan yksikk\u00f6<br \/>\nwww.saavutettavuusvaatimukset.fi<br \/>\nsaavutettavuus(at)avi.fi<br \/>\npuhelinnumero vaihde 0295 016 000<\/p>\n<\/section>\n<\/article>\n","protected":false},"excerpt":{"rendered":"<p>T\u00e4m\u00e4 saavutettavuusseloste koskee palvelua otavansanomat.fi ja on laadittu \/ p\u00e4ivitetty 21.12.2023. Palvelua koskee laki digitaalisten palvelujen tarjoamisesta, jossa edellytet\u00e4\u00e4n, ett\u00e4 julkisten verkkopalvelujen on oltava saavutettavia.Olemme arvioineet palvelun saavutettavuuden itse Digipalvelun&hellip; <\/p>\n","protected":false},"author":2,"featured_media":0,"parent":0,"menu_order":0,"comment_status":"closed","ping_status":"closed","template":"","meta":{"ngg_post_thumbnail":0,"footnotes":""},"class_list":["post-1638","page","type-page","status-publish","hentry"],"_links":{"self":[{"href":"https:\/\/otavansanomat.fi\/index.php\/wp-json\/wp\/v2\/pages\/1638","targetHints":{"allow":["GET"]}}],"collection":[{"href":"https:\/\/otavansanomat.fi\/index.php\/wp-json\/wp\/v2\/pages"}],"about":[{"href":"https:\/\/otavansanomat.fi\/index.php\/wp-json\/wp\/v2\/types\/page"}],"author":[{"embeddable":true,"href":"https:\/\/otavansanomat.fi\/index.php\/wp-json\/wp\/v2\/users\/2"}],"replies":[{"embeddable":true,"href":"https:\/\/otavansanomat.fi\/index.php\/wp-json\/wp\/v2\/comments?post=1638"}],"version-history":[{"count":4,"href":"https:\/\/otavansanomat.fi\/index.php\/wp-json\/wp\/v2\/pages\/1638\/revisions"}],"predecessor-version":[{"id":1640,"href":"https:\/\/otavansanomat.fi\/index.php\/wp-json\/wp\/v2\/pages\/1638\/revisions\/1640"}],"wp:attachment":[{"href":"https:\/\/otavansanomat.fi\/index.php\/wp-json\/wp\/v2\/media?parent=1638"}],"curies":[{"name":"wp","href":"https:\/\/api.w.org\/{rel}","templated":true}]}}