{"id":27,"date":"2023-10-30T10:27:56","date_gmt":"2023-10-30T08:27:56","guid":{"rendered":"https:\/\/otavansanomat.fi\/?page_id=27"},"modified":"2023-12-14T16:18:29","modified_gmt":"2023-12-14T14:18:29","slug":"otavan-sanomat","status":"publish","type":"page","link":"https:\/\/otavansanomat.fi\/index.php\/otavan-sanomat\/","title":{"rendered":"Otavan Sanomat"},"content":{"rendered":"<p>Blogimme toimii jatkeena Otavan Sanomille, <a href=\"https:\/\/otavansanomat.fi\/index.php\/9-2\/\" target=\"_blank\" rel=\"noopener\">printtilehdelle<\/a>, jonka ensimm\u00e4inen numero ilmestyi vuonna 2009. Uuden verkkoblogin my\u00f6t\u00e4 jatkamme t\u00e4t\u00e4 perinnett\u00e4 tuomalla ajankohtaiset uutiset, kiehtovat artikkelit ja syv\u00e4lliset tarinat digitaaliseen muotoon.<\/p>\n<p>Otavan Sanomat -blogi on suunnattu tarjoamaan lukijoilleen monipuolista ja laadukasta sis\u00e4lt\u00f6\u00e4 eri aiheista, kuten kulttuurista, tieteest\u00e4, viihteest\u00e4 ja yhteiskunnasta. Toivotamme teid\u00e4t tervetulleiksi tutustumaan blogin monipuoliseen maailmaan, josta toivomme teid\u00e4n l\u00f6yt\u00e4v\u00e4n uutta luettavaa ja inspiraatiota p\u00e4ivitt\u00e4iseen el\u00e4m\u00e4\u00e4nne.<\/p>\n","protected":false},"excerpt":{"rendered":"<p>Blogimme toimii jatkeena Otavan Sanomille, printtilehdelle, jonka ensimm\u00e4inen numero ilmestyi vuonna 2009. Uuden verkkoblogin my\u00f6t\u00e4 jatkamme t\u00e4t\u00e4 perinnett\u00e4 tuomalla ajankohtaiset uutiset, kiehtovat artikkelit ja syv\u00e4lliset tarinat digitaaliseen muotoon. Otavan Sanomat&hellip; <\/p>\n","protected":false},"author":2,"featured_media":0,"parent":0,"menu_order":0,"comment_status":"closed","ping_status":"closed","template":"","meta":{"ngg_post_thumbnail":0,"footnotes":""},"class_list":["post-27","page","type-page","status-publish","hentry"],"_links":{"self":[{"href":"https:\/\/otavansanomat.fi\/index.php\/wp-json\/wp\/v2\/pages\/27","targetHints":{"allow":["GET"]}}],"collection":[{"href":"https:\/\/otavansanomat.fi\/index.php\/wp-json\/wp\/v2\/pages"}],"about":[{"href":"https:\/\/otavansanomat.fi\/index.php\/wp-json\/wp\/v2\/types\/page"}],"author":[{"embeddable":true,"href":"https:\/\/otavansanomat.fi\/index.php\/wp-json\/wp\/v2\/users\/2"}],"replies":[{"embeddable":true,"href":"https:\/\/otavansanomat.fi\/index.php\/wp-json\/wp\/v2\/comments?post=27"}],"version-history":[{"count":6,"href":"https:\/\/otavansanomat.fi\/index.php\/wp-json\/wp\/v2\/pages\/27\/revisions"}],"predecessor-version":[{"id":1422,"href":"https:\/\/otavansanomat.fi\/index.php\/wp-json\/wp\/v2\/pages\/27\/revisions\/1422"}],"wp:attachment":[{"href":"https:\/\/otavansanomat.fi\/index.php\/wp-json\/wp\/v2\/media?parent=27"}],"curies":[{"name":"wp","href":"https:\/\/api.w.org\/{rel}","templated":true}]}}