{"id":9,"date":"2023-08-09T12:37:32","date_gmt":"2023-08-09T09:37:32","guid":{"rendered":"https:\/\/otavansanomat.fi\/?page_id=9"},"modified":"2024-09-23T14:57:55","modified_gmt":"2024-09-23T11:57:55","slug":"9-2","status":"publish","type":"page","link":"https:\/\/otavansanomat.fi\/index.php\/9-2\/","title":{"rendered":"Printtilehdet"},"content":{"rendered":"<p>Otavan Sanomat on ilmestynyt printtilehten\u00e4 useiden vuosien ajan, ja sen eri numerot ovat tarjonneet lukijoilleen kattavan valikoiman ajankohtaisia artikkeleita, syv\u00e4llisi\u00e4 reportaaseja sek\u00e4 monipuolisia kulttuuri- ja urheilu-uutisia.<\/p>\n<p><a href=\"https:\/\/otavansanomat.fi\/wp-content\/uploads\/2023\/08\/Otavan_Sanomat_2022_nro14.pdf\" target=\"_blank\" rel=\"noopener\">Otavan Sanomat 2022 &#8211; nro 14<\/a><\/p>\n<p><a href=\"https:\/\/otavansanomat.fi\/wp-content\/uploads\/2023\/08\/Otavan_Sanomat_2021_nro13_web.pdf\" target=\"_blank\" rel=\"noopener\">Otavan Sanomat 2021 &#8211; nro 13<\/a><\/p>\n<p><a href=\"https:\/\/otavansanomat.fi\/otavansanomat_12_2020.pdf\" target=\"_blank\" rel=\"noopener\">Otavan Sanomat 2020 &#8211; nro 12<\/a><\/p>\n<p><a href=\"https:\/\/otavansanomat.fi\/otavansanomat_11_2019.pdf\" target=\"_blank\" rel=\"noopener\">Otavan Sanomat 2019 &#8211; nro 11<\/a><\/p>\n<p><a href=\"https:\/\/otavansanomat.fi\/otavansanomat_10_2018.pdf\" target=\"_blank\" rel=\"noopener\">Otavan Sanomat 2018 &#8211; nro 10<\/a><\/p>\n<p><a href=\"https:\/\/otavansanomat.fi\/otavansanomat_9_2017.pdf\" target=\"_blank\" rel=\"noopener\">Otavan Sanomat 2017 &#8211; nro 9<\/a><\/p>\n<p><a href=\"https:\/\/otavansanomat.fi\/wp-content\/uploads\/2024\/09\/otavan_sanomat_nro_8.pdf\" target=\"_blank\" rel=\"noopener\">Otavan Sanomat 2016 &#8211; nro 8<\/a><\/p>\n<p><a href=\"https:\/\/otavansanomat.fi\/otavansanomat_7_2015.pdf\" target=\"_blank\" rel=\"noopener\">Otavan Sanomat 2015 &#8211; nro 7<\/a><\/p>\n<p><a href=\"https:\/\/otavansanomat.fi\/otavansanomat_6_2014.pdf\" target=\"_blank\" rel=\"noopener\">Otavan Sanomat 2014 &#8211; nro 6<\/a><\/p>\n<p><a href=\"https:\/\/otavansanomat.fi\/otavansanomat_5_2013.pdf\" target=\"_blank\" rel=\"noopener\">Otavan Sanomat 2015 &#8211; nro 5<\/a><\/p>\n<p><a href=\"https:\/\/otavansanomat.fi\/otavansanomat_4_2012.pdf\" target=\"_blank\" rel=\"noopener\">Otavan Sanomat 2012 &#8211; nro 4<\/a><\/p>\n<p><a href=\"https:\/\/otavansanomat.fi\/wp-content\/uploads\/2023\/10\/otavansanomat_3_2011.pdf\" target=\"_blank\" rel=\"noopener\">Otavan Sanomat 2011 &#8211; nro 3<\/a><\/p>\n<p><a href=\"https:\/\/otavansanomat.fi\/wp-content\/uploads\/2024\/01\/4017_001-1.pdf\">Otavan Sanomat 2010 &#8211; nro 2<\/a><\/p>\n<p><a href=\"https:\/\/otavansanomat.fi\/wp-content\/uploads\/2023\/10\/otavansanomat_1_2009.pdf\" target=\"_blank\" rel=\"noopener\">Otavan Sanomat 2009 &#8211; nro 1<\/a><\/p>\n<p>&nbsp;<\/p>\n","protected":false},"excerpt":{"rendered":"<p>Otavan Sanomat on ilmestynyt printtilehten\u00e4 useiden vuosien ajan, ja sen eri numerot ovat tarjonneet lukijoilleen kattavan valikoiman ajankohtaisia artikkeleita, syv\u00e4llisi\u00e4 reportaaseja sek\u00e4 monipuolisia kulttuuri- ja urheilu-uutisia. Otavan Sanomat 2022 &#8211;&hellip; <\/p>\n","protected":false},"author":2,"featured_media":0,"parent":0,"menu_order":0,"comment_status":"closed","ping_status":"closed","template":"","meta":{"ngg_post_thumbnail":0,"footnotes":""},"class_list":["post-9","page","type-page","status-publish","hentry"],"_links":{"self":[{"href":"https:\/\/otavansanomat.fi\/index.php\/wp-json\/wp\/v2\/pages\/9","targetHints":{"allow":["GET"]}}],"collection":[{"href":"https:\/\/otavansanomat.fi\/index.php\/wp-json\/wp\/v2\/pages"}],"about":[{"href":"https:\/\/otavansanomat.fi\/index.php\/wp-json\/wp\/v2\/types\/page"}],"author":[{"embeddable":true,"href":"https:\/\/otavansanomat.fi\/index.php\/wp-json\/wp\/v2\/users\/2"}],"replies":[{"embeddable":true,"href":"https:\/\/otavansanomat.fi\/index.php\/wp-json\/wp\/v2\/comments?post=9"}],"version-history":[{"count":22,"href":"https:\/\/otavansanomat.fi\/index.php\/wp-json\/wp\/v2\/pages\/9\/revisions"}],"predecessor-version":[{"id":1760,"href":"https:\/\/otavansanomat.fi\/index.php\/wp-json\/wp\/v2\/pages\/9\/revisions\/1760"}],"wp:attachment":[{"href":"https:\/\/otavansanomat.fi\/index.php\/wp-json\/wp\/v2\/media?parent=9"}],"curies":[{"name":"wp","href":"https:\/\/api.w.org\/{rel}","templated":true}]}}